{"id":514,"date":"2023-04-28T16:46:33","date_gmt":"2023-04-28T16:46:33","guid":{"rendered":"https:\/\/automaticcarwashpuertoplata.com\/?page_id=514"},"modified":"2023-05-04T22:47:33","modified_gmt":"2023-05-04T22:47:33","slug":"bar-shop","status":"publish","type":"page","link":"https:\/\/automaticcarwashpuertoplata.com\/index.php\/bar-shop\/","title":{"rendered":"Bar &#038; Shop"},"content":{"rendered":"\t\t<div data-elementor-type=\"wp-page\" data-elementor-id=\"514\" class=\"elementor elementor-514\">\n\t\t\t\t\t\t<section class=\"elementor-section elementor-top-section elementor-element elementor-element-5124fde elementor-section-boxed elementor-section-height-default elementor-section-height-default\" data-id=\"5124fde\" data-element_type=\"section\">\n\t\t\t\t\t\t<div class=\"elementor-container elementor-column-gap-default\">\n\t\t\t\t\t<div class=\"elementor-column elementor-col-100 elementor-top-column elementor-element elementor-element-4745330\" data-id=\"4745330\" data-element_type=\"column\">\n\t\t\t<div class=\"elementor-widget-wrap elementor-element-populated\">\n\t\t\t\t\t\t<div class=\"elementor-element elementor-element-7a38b60 elementor-widget elementor-widget-heading\" data-id=\"7a38b60\" data-element_type=\"widget\" data-widget_type=\"heading.default\">\n\t\t\t\t<div class=\"elementor-widget-container\">\n\t\t\t<h2 class=\"elementor-heading-title elementor-size-default\">Visita Nuestra Tienda y Sport Bar<\/h2>\t\t<\/div>\n\t\t\t\t<\/div>\n\t\t\t\t<div class=\"elementor-element elementor-element-994bdb4 elementor-widget elementor-widget-spacer\" data-id=\"994bdb4\" data-element_type=\"widget\" data-widget_type=\"spacer.default\">\n\t\t\t\t<div class=\"elementor-widget-container\">\n\t\t\t\t\t<div class=\"elementor-spacer\">\n\t\t\t<div class=\"elementor-spacer-inner\"><\/div>\n\t\t<\/div>\n\t\t\t\t<\/div>\n\t\t\t\t<\/div>\n\t\t\t\t\t<\/div>\n\t\t<\/div>\n\t\t\t\t\t<\/div>\n\t\t<\/section>\n\t\t\t\t<section class=\"elementor-section elementor-top-section elementor-element elementor-element-8ce1d94 elementor-section-boxed elementor-section-height-default elementor-section-height-default\" data-id=\"8ce1d94\" data-element_type=\"section\">\n\t\t\t\t\t\t<div class=\"elementor-container elementor-column-gap-default\">\n\t\t\t\t\t<div class=\"elementor-column elementor-col-50 elementor-top-column elementor-element elementor-element-41526d4\" data-id=\"41526d4\" data-element_type=\"column\">\n\t\t\t<div class=\"elementor-widget-wrap elementor-element-populated\">\n\t\t\t\t\t\t<div class=\"elementor-element elementor-element-041b231 elementor-position-top elementor-widget elementor-widget-image-box\" data-id=\"041b231\" data-element_type=\"widget\" data-widget_type=\"image-box.default\">\n\t\t\t\t<div class=\"elementor-widget-container\">\n\t\t\t<div class=\"elementor-image-box-wrapper\"><figure class=\"elementor-image-box-img\"><img fetchpriority=\"high\" decoding=\"async\" width=\"2560\" height=\"1440\" src=\"https:\/\/automaticcarwashpuertoplata.com\/wp-content\/uploads\/2023\/05\/a8-scaled.jpg\" class=\"attachment-full size-full wp-image-679\" alt=\"\" srcset=\"https:\/\/automaticcarwashpuertoplata.com\/wp-content\/uploads\/2023\/05\/a8-scaled.jpg 2560w, https:\/\/automaticcarwashpuertoplata.com\/wp-content\/uploads\/2023\/05\/a8-300x169.jpg 300w, https:\/\/automaticcarwashpuertoplata.com\/wp-content\/uploads\/2023\/05\/a8-1024x576.jpg 1024w, https:\/\/automaticcarwashpuertoplata.com\/wp-content\/uploads\/2023\/05\/a8-768x432.jpg 768w, https:\/\/automaticcarwashpuertoplata.com\/wp-content\/uploads\/2023\/05\/a8-1536x864.jpg 1536w, https:\/\/automaticcarwashpuertoplata.com\/wp-content\/uploads\/2023\/05\/a8-2048x1152.jpg 2048w\" sizes=\"(max-width: 2560px) 100vw, 2560px\" \/><\/figure><div class=\"elementor-image-box-content\"><h3 class=\"elementor-image-box-title\">Sport Bar<br><\/h3><p class=\"elementor-image-box-description\">Sport Bar es el lugar ideal para disfrutar de una refrescante bebida mientras espera que su veh\u00edculo sea lavado en Automaticcarwash Puerto Plata. Ofrecemos una gran variedad de bebidas alcoh\u00f3licas y no alcoh\u00f3licas. Nuestra barra cuenta con un ambiente acogedor y una decoraci\u00f3n moderna, ideal para relajarse y disfrutar de una buena conversaci\u00f3n. Nuestro equipo de servicio siempre estar\u00e1 a su disposici\u00f3n para ayudarle a elegir la bebida perfecta para acompa\u00f1ar su espera. Ven y rel\u00e1jate con nosotros en nuestro Sport Bar mientras esperas por el lavado de tu veh\u00edculo. \u00a1Te esperamos! <\/p><\/div><\/div>\t\t<\/div>\n\t\t\t\t<\/div>\n\t\t\t\t\t<\/div>\n\t\t<\/div>\n\t\t\t\t<div class=\"elementor-column elementor-col-50 elementor-top-column elementor-element elementor-element-8d695c7\" data-id=\"8d695c7\" data-element_type=\"column\">\n\t\t\t<div class=\"elementor-widget-wrap elementor-element-populated\">\n\t\t\t\t\t\t<div class=\"elementor-element elementor-element-3393e0e elementor-position-top elementor-widget elementor-widget-image-box\" data-id=\"3393e0e\" data-element_type=\"widget\" data-widget_type=\"image-box.default\">\n\t\t\t\t<div class=\"elementor-widget-container\">\n\t\t\t<div class=\"elementor-image-box-wrapper\"><figure class=\"elementor-image-box-img\"><img decoding=\"async\" width=\"2560\" height=\"1440\" src=\"https:\/\/automaticcarwashpuertoplata.com\/wp-content\/uploads\/2023\/05\/a3-scaled.jpg\" class=\"attachment-full size-full wp-image-674\" alt=\"\" srcset=\"https:\/\/automaticcarwashpuertoplata.com\/wp-content\/uploads\/2023\/05\/a3-scaled.jpg 2560w, https:\/\/automaticcarwashpuertoplata.com\/wp-content\/uploads\/2023\/05\/a3-300x169.jpg 300w, https:\/\/automaticcarwashpuertoplata.com\/wp-content\/uploads\/2023\/05\/a3-1024x576.jpg 1024w, https:\/\/automaticcarwashpuertoplata.com\/wp-content\/uploads\/2023\/05\/a3-768x432.jpg 768w, https:\/\/automaticcarwashpuertoplata.com\/wp-content\/uploads\/2023\/05\/a3-1536x864.jpg 1536w, https:\/\/automaticcarwashpuertoplata.com\/wp-content\/uploads\/2023\/05\/a3-2048x1152.jpg 2048w\" sizes=\"(max-width: 2560px) 100vw, 2560px\" \/><\/figure><div class=\"elementor-image-box-content\"><h3 class=\"elementor-image-box-title\"><br>Tienda y Acesorios <br><br><\/h3><p class=\"elementor-image-box-description\">Nuestra tienda de ropa y accesorios de veh\u00edculos ofrece una gran variedad de productos de marcas de renombre para satisfacer a todos los clientes. Desde ropa casual y deportiva hasta art\u00edculos para el cuidado y la decoraci\u00f3n de veh\u00edculos. Tenemos una amplia selecci\u00f3n de productos para todos los gustos y presupuestos. \n\nEstamos ubicados en Automaticcarwash Puerto Plata, para que mientras espera por el lavado de su veh\u00edculo, pueda pasear.<br>Vis\u00edtanos!<\/p><\/div><\/div>\t\t<\/div>\n\t\t\t\t<\/div>\n\t\t\t\t\t<\/div>\n\t\t<\/div>\n\t\t\t\t\t<\/div>\n\t\t<\/section>\n\t\t\t\t<section class=\"elementor-section elementor-top-section elementor-element elementor-element-8bcf121 elementor-section-boxed elementor-section-height-default elementor-section-height-default\" data-id=\"8bcf121\" data-element_type=\"section\">\n\t\t\t\t\t\t<div class=\"elementor-container elementor-column-gap-default\">\n\t\t\t\t\t<div class=\"elementor-column elementor-col-100 elementor-top-column elementor-element elementor-element-c02bf62\" data-id=\"c02bf62\" data-element_type=\"column\">\n\t\t\t<div class=\"elementor-widget-wrap elementor-element-populated\">\n\t\t\t\t\t\t<div class=\"elementor-element elementor-element-f27cfff elementor-widget elementor-widget-spacer\" data-id=\"f27cfff\" data-element_type=\"widget\" data-widget_type=\"spacer.default\">\n\t\t\t\t<div class=\"elementor-widget-container\">\n\t\t\t\t\t<div class=\"elementor-spacer\">\n\t\t\t<div class=\"elementor-spacer-inner\"><\/div>\n\t\t<\/div>\n\t\t\t\t<\/div>\n\t\t\t\t<\/div>\n\t\t\t\t<div class=\"elementor-element elementor-element-f302d70 elementor-widget elementor-widget-video\" data-id=\"f302d70\" data-element_type=\"widget\" data-settings=\"{&quot;youtube_url&quot;:&quot;https:\\\/\\\/www.youtube.com\\\/watch?v=WjpYbMu-BiM&quot;,&quot;video_type&quot;:&quot;youtube&quot;,&quot;controls&quot;:&quot;yes&quot;}\" data-widget_type=\"video.default\">\n\t\t\t\t<div class=\"elementor-widget-container\">\n\t\t\t\t\t<div class=\"elementor-wrapper elementor-open-inline\">\n\t\t\t<div class=\"elementor-video\"><\/div>\t\t<\/div>\n\t\t\t\t<\/div>\n\t\t\t\t<\/div>\n\t\t\t\t\t<\/div>\n\t\t<\/div>\n\t\t\t\t\t<\/div>\n\t\t<\/section>\n\t\t\t\t<\/div>\n\t\t","protected":false},"excerpt":{"rendered":"<p>Visita Nuestra Tienda y Sport Bar Sport Bar Sport Bar es el lugar ideal para disfrutar de una refrescante bebida mientras espera que su veh\u00edculo sea lavado en Automaticcarwash Puerto Plata. Ofrecemos una gran variedad de bebidas alcoh\u00f3licas y no alcoh\u00f3licas. Nuestra barra cuenta con un ambiente acogedor y una decoraci\u00f3n moderna, ideal para relajarse<br \/><a class=\"moretag\" href=\"https:\/\/automaticcarwashpuertoplata.com\/index.php\/bar-shop\/\">+ Read More<\/a><\/p>\n","protected":false},"author":1,"featured_media":0,"parent":0,"menu_order":0,"comment_status":"closed","ping_status":"closed","template":"elementor_theme","meta":{"footnotes":"","_joinchat":[]},"yoast_head":"<!-- This site is optimized with the Yoast SEO plugin v23.5 - https:\/\/yoast.com\/wordpress\/plugins\/seo\/ -->\n<title>Bar &amp; Shop - automaticcarwash<\/title>\n<meta name=\"robots\" content=\"index, follow, max-snippet:-1, max-image-preview:large, max-video-preview:-1\" \/>\n<link rel=\"canonical\" href=\"https:\/\/automaticcarwashpuertoplata.com\/index.php\/bar-shop\/\" \/>\n<meta property=\"og:locale\" content=\"en_US\" \/>\n<meta property=\"og:type\" content=\"article\" \/>\n<meta property=\"og:title\" content=\"Bar &amp; Shop - automaticcarwash\" \/>\n<meta property=\"og:description\" content=\"Visita Nuestra Tienda y Sport Bar Sport Bar Sport Bar es el lugar ideal para disfrutar de una refrescante bebida mientras espera que su veh\u00edculo sea lavado en Automaticcarwash Puerto Plata. Ofrecemos una gran variedad de bebidas alcoh\u00f3licas y no alcoh\u00f3licas. Nuestra barra cuenta con un ambiente acogedor y una decoraci\u00f3n moderna, ideal para relajarse+ Read More\" \/>\n<meta property=\"og:url\" content=\"https:\/\/automaticcarwashpuertoplata.com\/index.php\/bar-shop\/\" \/>\n<meta property=\"og:site_name\" content=\"automaticcarwash\" \/>\n<meta property=\"article:modified_time\" content=\"2023-05-04T22:47:33+00:00\" \/>\n<meta property=\"og:image\" content=\"https:\/\/automaticcarwashpuertoplata.com\/wp-content\/uploads\/2023\/05\/a8-scaled.jpg\" \/>\n<meta name=\"twitter:card\" content=\"summary_large_image\" \/>\n<meta name=\"twitter:label1\" content=\"Est. reading time\" \/>\n\t<meta name=\"twitter:data1\" content=\"2 minutes\" \/>\n<script type=\"application\/ld+json\" class=\"yoast-schema-graph\">{\"@context\":\"https:\/\/schema.org\",\"@graph\":[{\"@type\":\"WebPage\",\"@id\":\"https:\/\/automaticcarwashpuertoplata.com\/index.php\/bar-shop\/\",\"url\":\"https:\/\/automaticcarwashpuertoplata.com\/index.php\/bar-shop\/\",\"name\":\"Bar & Shop - automaticcarwash\",\"isPartOf\":{\"@id\":\"https:\/\/automaticcarwashpuertoplata.com\/#website\"},\"primaryImageOfPage\":{\"@id\":\"https:\/\/automaticcarwashpuertoplata.com\/index.php\/bar-shop\/#primaryimage\"},\"image\":{\"@id\":\"https:\/\/automaticcarwashpuertoplata.com\/index.php\/bar-shop\/#primaryimage\"},\"thumbnailUrl\":\"https:\/\/automaticcarwashpuertoplata.com\/wp-content\/uploads\/2023\/05\/a8-scaled.jpg\",\"datePublished\":\"2023-04-28T16:46:33+00:00\",\"dateModified\":\"2023-05-04T22:47:33+00:00\",\"breadcrumb\":{\"@id\":\"https:\/\/automaticcarwashpuertoplata.com\/index.php\/bar-shop\/#breadcrumb\"},\"inLanguage\":\"en-US\",\"potentialAction\":[{\"@type\":\"ReadAction\",\"target\":[\"https:\/\/automaticcarwashpuertoplata.com\/index.php\/bar-shop\/\"]}]},{\"@type\":\"ImageObject\",\"inLanguage\":\"en-US\",\"@id\":\"https:\/\/automaticcarwashpuertoplata.com\/index.php\/bar-shop\/#primaryimage\",\"url\":\"https:\/\/automaticcarwashpuertoplata.com\/wp-content\/uploads\/2023\/05\/a8-scaled.jpg\",\"contentUrl\":\"https:\/\/automaticcarwashpuertoplata.com\/wp-content\/uploads\/2023\/05\/a8-scaled.jpg\",\"width\":2560,\"height\":1440},{\"@type\":\"BreadcrumbList\",\"@id\":\"https:\/\/automaticcarwashpuertoplata.com\/index.php\/bar-shop\/#breadcrumb\",\"itemListElement\":[{\"@type\":\"ListItem\",\"position\":1,\"name\":\"Portada\",\"item\":\"https:\/\/automaticcarwashpuertoplata.com\/\"},{\"@type\":\"ListItem\",\"position\":2,\"name\":\"Bar &#038; Shop\"}]},{\"@type\":\"WebSite\",\"@id\":\"https:\/\/automaticcarwashpuertoplata.com\/#website\",\"url\":\"https:\/\/automaticcarwashpuertoplata.com\/\",\"name\":\"automaticcarwash\",\"description\":\"Cuidado profesional de tu Veh\u00edculo\",\"potentialAction\":[{\"@type\":\"SearchAction\",\"target\":{\"@type\":\"EntryPoint\",\"urlTemplate\":\"https:\/\/automaticcarwashpuertoplata.com\/?s={search_term_string}\"},\"query-input\":{\"@type\":\"PropertyValueSpecification\",\"valueRequired\":true,\"valueName\":\"search_term_string\"}}],\"inLanguage\":\"en-US\"}]}<\/script>\n<!-- \/ Yoast SEO plugin. -->","yoast_head_json":{"title":"Bar & Shop - automaticcarwash","robots":{"index":"index","follow":"follow","max-snippet":"max-snippet:-1","max-image-preview":"max-image-preview:large","max-video-preview":"max-video-preview:-1"},"canonical":"https:\/\/automaticcarwashpuertoplata.com\/index.php\/bar-shop\/","og_locale":"en_US","og_type":"article","og_title":"Bar & Shop - automaticcarwash","og_description":"Visita Nuestra Tienda y Sport Bar Sport Bar Sport Bar es el lugar ideal para disfrutar de una refrescante bebida mientras espera que su veh\u00edculo sea lavado en Automaticcarwash Puerto Plata. Ofrecemos una gran variedad de bebidas alcoh\u00f3licas y no alcoh\u00f3licas. Nuestra barra cuenta con un ambiente acogedor y una decoraci\u00f3n moderna, ideal para relajarse+ Read More","og_url":"https:\/\/automaticcarwashpuertoplata.com\/index.php\/bar-shop\/","og_site_name":"automaticcarwash","article_modified_time":"2023-05-04T22:47:33+00:00","og_image":[{"url":"https:\/\/automaticcarwashpuertoplata.com\/wp-content\/uploads\/2023\/05\/a8-scaled.jpg"}],"twitter_card":"summary_large_image","twitter_misc":{"Est. reading time":"2 minutes"},"schema":{"@context":"https:\/\/schema.org","@graph":[{"@type":"WebPage","@id":"https:\/\/automaticcarwashpuertoplata.com\/index.php\/bar-shop\/","url":"https:\/\/automaticcarwashpuertoplata.com\/index.php\/bar-shop\/","name":"Bar & Shop - automaticcarwash","isPartOf":{"@id":"https:\/\/automaticcarwashpuertoplata.com\/#website"},"primaryImageOfPage":{"@id":"https:\/\/automaticcarwashpuertoplata.com\/index.php\/bar-shop\/#primaryimage"},"image":{"@id":"https:\/\/automaticcarwashpuertoplata.com\/index.php\/bar-shop\/#primaryimage"},"thumbnailUrl":"https:\/\/automaticcarwashpuertoplata.com\/wp-content\/uploads\/2023\/05\/a8-scaled.jpg","datePublished":"2023-04-28T16:46:33+00:00","dateModified":"2023-05-04T22:47:33+00:00","breadcrumb":{"@id":"https:\/\/automaticcarwashpuertoplata.com\/index.php\/bar-shop\/#breadcrumb"},"inLanguage":"en-US","potentialAction":[{"@type":"ReadAction","target":["https:\/\/automaticcarwashpuertoplata.com\/index.php\/bar-shop\/"]}]},{"@type":"ImageObject","inLanguage":"en-US","@id":"https:\/\/automaticcarwashpuertoplata.com\/index.php\/bar-shop\/#primaryimage","url":"https:\/\/automaticcarwashpuertoplata.com\/wp-content\/uploads\/2023\/05\/a8-scaled.jpg","contentUrl":"https:\/\/automaticcarwashpuertoplata.com\/wp-content\/uploads\/2023\/05\/a8-scaled.jpg","width":2560,"height":1440},{"@type":"BreadcrumbList","@id":"https:\/\/automaticcarwashpuertoplata.com\/index.php\/bar-shop\/#breadcrumb","itemListElement":[{"@type":"ListItem","position":1,"name":"Portada","item":"https:\/\/automaticcarwashpuertoplata.com\/"},{"@type":"ListItem","position":2,"name":"Bar &#038; Shop"}]},{"@type":"WebSite","@id":"https:\/\/automaticcarwashpuertoplata.com\/#website","url":"https:\/\/automaticcarwashpuertoplata.com\/","name":"automaticcarwash","description":"Cuidado profesional de tu Veh\u00edculo","potentialAction":[{"@type":"SearchAction","target":{"@type":"EntryPoint","urlTemplate":"https:\/\/automaticcarwashpuertoplata.com\/?s={search_term_string}"},"query-input":{"@type":"PropertyValueSpecification","valueRequired":true,"valueName":"search_term_string"}}],"inLanguage":"en-US"}]}},"_links":{"self":[{"href":"https:\/\/automaticcarwashpuertoplata.com\/index.php\/wp-json\/wp\/v2\/pages\/514"}],"collection":[{"href":"https:\/\/automaticcarwashpuertoplata.com\/index.php\/wp-json\/wp\/v2\/pages"}],"about":[{"href":"https:\/\/automaticcarwashpuertoplata.com\/index.php\/wp-json\/wp\/v2\/types\/page"}],"author":[{"embeddable":true,"href":"https:\/\/automaticcarwashpuertoplata.com\/index.php\/wp-json\/wp\/v2\/users\/1"}],"replies":[{"embeddable":true,"href":"https:\/\/automaticcarwashpuertoplata.com\/index.php\/wp-json\/wp\/v2\/comments?post=514"}],"version-history":[{"count":13,"href":"https:\/\/automaticcarwashpuertoplata.com\/index.php\/wp-json\/wp\/v2\/pages\/514\/revisions"}],"predecessor-version":[{"id":804,"href":"https:\/\/automaticcarwashpuertoplata.com\/index.php\/wp-json\/wp\/v2\/pages\/514\/revisions\/804"}],"wp:attachment":[{"href":"https:\/\/automaticcarwashpuertoplata.com\/index.php\/wp-json\/wp\/v2\/media?parent=514"}],"curies":[{"name":"wp","href":"https:\/\/api.w.org\/{rel}","templated":true}]}}